{"id":22,"date":"2015-09-18T06:02:51","date_gmt":"2015-09-18T06:02:51","guid":{"rendered":"http:\/\/mr-lider.com\/?page_id=22"},"modified":"2018-07-30T12:15:13","modified_gmt":"2018-07-30T10:15:13","slug":"o-nama","status":"publish","type":"page","link":"https:\/\/mr-lider.com\/index.php\/o-nama\/","title":{"rendered":"O njima"},"content":{"rendered":"\t\t<div data-elementor-type=\"wp-post\" data-elementor-id=\"22\" class=\"elementor elementor-22 elementor-bc-flex-widget\">\n\t\t\t\t\t\t<section class=\"elementor-section elementor-top-section elementor-element elementor-element-202d12e6 elementor-section-stretched elementor-section-boxed elementor-section-height-default elementor-section-height-default\" data-id=\"202d12e6\" data-element_type=\"section\" data-settings=\"{&quot;background_background&quot;:&quot;gradient&quot;,&quot;shape_divider_bottom&quot;:&quot;clouds&quot;,&quot;shape_divider_bottom_negative&quot;:&quot;yes&quot;,&quot;stretch_section&quot;:&quot;section-stretched&quot;}\">\n\t\t\t\t\t\t\t<div class=\"elementor-background-overlay\"><\/div>\n\t\t\t\t\t\t<div class=\"elementor-shape elementor-shape-bottom\" data-negative=\"true\">\n\t\t\t<svg xmlns=\"http:\/\/www.w3.org\/2000\/svg\" viewBox=\"0 0 283.5 27.8\" preserveAspectRatio=\"xMidYMax slice\">\n\t<path class=\"elementor-shape-fill\" d=\"M265.8 3.5c-10.9 0-15.9 6.2-15.9 6.2s-3.6-3.5-9.2-.9c-9.1 4.1-4.4 13.4-4.4 13.4s-1.2.2-1.9.9c-.6.7-.5 1.9-.5 1.9s-1-.5-2.3-.2c-1.3.3-1.6 1.4-1.6 1.4s.4-3.4-1.5-5c-3.9-3.4-8.3-.2-8.3-.2s-.6-.7-.9-.9c-.4-.2-1.2-.2-1.2-.2s-4.4-3.6-11.5-2.6-10.4 7.9-10.4 7.9-.5-3.3-3.9-4.9c-4.8-2.4-7.4 0-7.4 0s2.4-4.1-1.9-6.4-6.2 1.2-6.2 1.2-.9-.5-2.1-.5-2.3 1.1-2.3 1.1.1-.7-1.1-1.1c-1.2-.4-2 0-2 0s3.6-6.8-3.5-8.9c-6-1.8-7.9 2.6-8.4 4-.1-.3-.4-.7-.9-1.1-1-.7-1.3-.5-1.3-.5s1-4-1.7-5.2c-2.7-1.2-4.2 1.1-4.2 1.1s-3.1-1-5.7 1.4-2.1 5.5-2.1 5.5-.9 0-2.1.7-1.4 1.7-1.4 1.7-1.7-1.2-4.3-1.2c-2.6 0-4.5 1.2-4.5 1.2s-.7-1.5-2.8-2.4c-2.1-.9-4 0-4 0s2.6-5.9-4.7-9c-7.3-3.1-12.6 3.3-12.6 3.3s-.9 0-1.9.2c-.9.2-1.5.9-1.5.9S99.4 3 94.9 3.9c-4.5.9-5.7 5.7-5.7 5.7s-2.8-5-12.3-3.9-11.1 6-11.1 6-1.2-1.4-4-.7c-.8.2-1.3.5-1.8.9-.9-2.1-2.7-4.9-6.2-4.4-3.2.4-4 2.2-4 2.2s-.5-.7-1.2-.7h-1.4s-.5-.9-1.7-1.4-2.4 0-2.4 0-2.4-1.2-4.7 0-3.1 4.1-3.1 4.1-1.7-1.4-3.6-.7c-1.9.7-1.9 2.8-1.9 2.8s-.5-.5-1.7-.2c-1.2.2-1.4.7-1.4.7s-.7-2.3-2.8-2.8c-2.1-.5-4.3.2-4.3.2s-1.7-5-11.1-6c-3.8-.4-6.6.2-8.5 1v21.2h283.5V11.1c-.9.2-1.6.4-1.6.4s-5.2-8-16.1-8z\"\/>\n<\/svg>\n\t\t<\/div>\n\t\t\t\t\t<div class=\"elementor-container elementor-column-gap-default\">\n\t\t\t\t\t<div class=\"elementor-column elementor-col-100 elementor-top-column elementor-element elementor-element-3fe8d205\" data-id=\"3fe8d205\" data-element_type=\"column\">\n\t\t\t<div class=\"elementor-widget-wrap elementor-element-populated\">\n\t\t\t\t\t\t<div class=\"elementor-element elementor-element-206cc6ce elementor-widget elementor-widget-heading\" data-id=\"206cc6ce\" data-element_type=\"widget\" data-widget_type=\"heading.default\">\n\t\t\t\t<div class=\"elementor-widget-container\">\n\t\t\t<h1 class=\"elementor-heading-title elementor-size-xxl\">O njima<\/h1>\t\t<\/div>\n\t\t\t\t<\/div>\n\t\t\t\t<div class=\"elementor-element elementor-element-5eb0bfea elementor-view-default elementor-widget elementor-widget-icon\" data-id=\"5eb0bfea\" data-element_type=\"widget\" data-widget_type=\"icon.default\">\n\t\t\t\t<div class=\"elementor-widget-container\">\n\t\t\t\t\t<div class=\"elementor-icon-wrapper\">\n\t\t\t<div class=\"elementor-icon\">\n\t\t\t\t\t\t\t<i class=\"fa fa-twitter\" aria-hidden=\"true\"><\/i>\n\t\t\t\t\t\t<\/div>\n\t\t<\/div>\n\t\t\t\t<\/div>\n\t\t\t\t<\/div>\n\t\t\t\t\t<\/div>\n\t\t<\/div>\n\t\t\t\t\t<\/div>\n\t\t<\/section>\n\t\t\t\t<section class=\"elementor-section elementor-top-section elementor-element elementor-element-43f7222c elementor-section-boxed elementor-section-height-default elementor-section-height-default\" data-id=\"43f7222c\" data-element_type=\"section\">\n\t\t\t\t\t\t<div class=\"elementor-container elementor-column-gap-default\">\n\t\t\t\t\t<div class=\"elementor-column elementor-col-100 elementor-top-column elementor-element elementor-element-586d6401\" data-id=\"586d6401\" data-element_type=\"column\">\n\t\t\t<div class=\"elementor-widget-wrap elementor-element-populated\">\n\t\t\t\t\t\t<div class=\"elementor-element elementor-element-6d003caa elementor-widget elementor-widget-image\" data-id=\"6d003caa\" data-element_type=\"widget\" data-widget_type=\"image.default\">\n\t\t\t\t<div class=\"elementor-widget-container\">\n\t\t\t\t\t\t\t\t\t\t\t\t\t<img decoding=\"async\" width=\"100\" height=\"101\" src=\"https:\/\/mr-lider.com\/wp-content\/uploads\/2015\/09\/Lider.gif\" class=\"attachment-full size-full wp-image-36\" alt=\"\" \/>\t\t\t\t\t\t\t\t\t\t\t\t\t<\/div>\n\t\t\t\t<\/div>\n\t\t\t\t<div class=\"elementor-element elementor-element-5ba7b367 elementor-widget elementor-widget-heading\" data-id=\"5ba7b367\" data-element_type=\"widget\" data-widget_type=\"heading.default\">\n\t\t\t\t<div class=\"elementor-widget-container\">\n\t\t\t<h4 class=\"elementor-heading-title elementor-size-default\">Autor: Mr-Lider<\/h4>\t\t<\/div>\n\t\t\t\t<\/div>\n\t\t\t\t<div class=\"elementor-element elementor-element-229bb04e elementor-widget elementor-widget-spacer\" data-id=\"229bb04e\" data-element_type=\"widget\" data-widget_type=\"spacer.default\">\n\t\t\t\t<div class=\"elementor-widget-container\">\n\t\t\t\t\t<div class=\"elementor-spacer\">\n\t\t\t<div class=\"elementor-spacer-inner\"><\/div>\n\t\t<\/div>\n\t\t\t\t<\/div>\n\t\t\t\t<\/div>\n\t\t\t\t<div class=\"elementor-element elementor-element-d60a8ae elementor-widget elementor-widget-text-editor\" data-id=\"d60a8ae\" data-element_type=\"widget\" data-widget_type=\"text-editor.default\">\n\t\t\t\t<div class=\"elementor-widget-container\">\n\t\t\t\t\t\t\t<p>ODGOJ &#8211; \u0160KOLOVANJE &#8211; TRENING Odabrati belgijskog ov\u010dara \u201cMalinoisa\u201d za Va\u0161eg ljubimca, pratitelja, terapijsko-rehabilitacijskog psa ili \u010duvara sigurno je pravi izbor. Ako ste ina\u010de malo sporiji u \u017evotu (bez uvrede, to nije ni\u0161ta lo\u0161e) oni \u0107e Vas pou\u010diti i natjerati da budete koncentriraniji, \u010dvr\u0161\u0107i, discipliniraniji, \u010dak i oni koji nemaju volju za aktivnosti uz njih je vrlo lako dobiju, jer oni su izuzetni radni psi. Dokazani su i provjereni, najbolji psi za osiguranje osoba i imovine a hrabrost, otpornost na stres, snaga i brzina proslavila ih je kao svjetske prvake u razli\u010ditim sportskim disciplinama. Oni su najbolji radni psi na svijetu. Osnovne karakteristike ovih ljepotana su inteligencija, jaka veza sa vlasnikom, poslu\u0161nost, predanost, pa\u017enja, vjernost, pouzdanost, nezahtjevnost, snaga, otpornost i brzina, a sve to uokvireno je tipi\u010dni temperament \u201eMalinoisa\u201d. \u201eMalinois\u201d ima uro\u0111eni za\u0161titni\u010dki (obrambeni) instikt \u0161to ga \u010dini idealnim psom za \u010duvanje osoba, imovine i objekta. Nikad i ni u kom trenutku ne zaboravlja svoj posao, ovisno u prostoru gdje se nalazi i za koju namjenu ste ga postavili. Nepovjerljivost prema strancima, a bezgrani\u010dna odanost prema vlasniku i \u010dlanovima obitelji njegove su uro\u0111ene osobine! \u201eMalinoisi\u201d su energi\u010dni, sr\u010dani i veoma inteligentni psi, ali kao \u0161tene raditi \u0107e sve sa vidljivim \u017earom, jer oni ipak u sebi posjeduju uro\u0111enu osobinu velike aktivnosti i odgovornosti. Zamislite mali\u0161ana koji bezprijekorno slu\u0161a, a jo\u0161 u sebi ima dje\u010dje srce i razigranost! To je Malinois! Vlasnik Malinoisa mora pokazivati smirenost, sigurnost i autoritet. Pravila za Va\u0161eg novog prijatelja moraju biti postavljena jasno i precizno bez izuzetaka.\u00a0<\/p>\t\t\t\t\t\t<\/div>\n\t\t\t\t<\/div>\n\t\t\t\t<div class=\"elementor-element elementor-element-66e91fa1 elementor-widget elementor-widget-text-editor\" data-id=\"66e91fa1\" data-element_type=\"widget\" data-widget_type=\"text-editor.default\">\n\t\t\t\t<div class=\"elementor-widget-container\">\n\t\t\t\t\t\t\t<p>&#8220;Nepovjerljivost prema strancima, a bezgrani\u010dna odanost prema vlasniku i \u010dlanovima obitelji njegove su uro\u0111ene osobine! \u201eMalinoisi\u201d &#8220;<\/p>\t\t\t\t\t\t<\/div>\n\t\t\t\t<\/div>\n\t\t\t\t<div class=\"elementor-element elementor-element-236e1c98 elementor-widget elementor-widget-text-editor\" data-id=\"236e1c98\" data-element_type=\"widget\" data-widget_type=\"text-editor.default\">\n\t\t\t\t<div class=\"elementor-widget-container\">\n\t\t\t\t\t\t\t<p>Socijalizacija po\u010dinje od samog ro\u0111enja. Iznimna radna i natjecateljska disciplina, \u010dini ovu pasminu izuzetnim policijskim i slu\u017ebenim psima. Naravno, oni su i nevjerojatno dobri ljubimci, u odnosu s djecom su izuzetni. Ako imaju vlasnika koji mo\u017ee podnijeti teret liderstva, ne\u0107ete vjerovati koje rezultate mogu posti\u0107i! Kao psi izuzetne energije i visokog mentalnog kapaciteta, imaju jaku \u017eelju za dru\u017eenjem. Potrebno im je da imaju posao kojim \u0107e se baviti, bez obzira koji posao to bio, bez obzira koji posao mu Vi kao vlasnik dodjelite on \u0107e uvijek odraditi svoj posao perfektno i s velikom precizno\u0161\u0107u. U o\u010duvanju svoga je nemilosrdan ako mu poku\u0161ate oteti ili naru\u0161iti njegov teritorij, ali je isto tako neopisivo nje\u017ean u igri s djecom. Malinois je \u201c najsuvremeniji snajper \u201c , precizan u svim pogledima. Malinois je \u00abLIDER\u00ab . Malinoisu nemojte kupovati more igra\u010daka da bi usre\u0107ili \u010dlana Va\u0161e obitelji, jer od svih igra\u010daka njemu je najdra\u017ea i najva\u017enija Va\u0161a ljubav i naklonost. Sigurno \u0107e Vam biti zauvijek najbolji i najodaniji prijatelj, ne zaboravite, budite i vi njegov&#8230; ako i ne budete Malinois se nikada prema Vama ne\u0107e promijeniti, ali ne zaboravite, to Vam je najvrijedniji prijatelj, nemojte ga iznevjeriti, vrijedi Vam \u010ditavo bogatstvo.<\/p>\t\t\t\t\t\t<\/div>\n\t\t\t\t<\/div>\n\t\t\t\t\t<\/div>\n\t\t<\/div>\n\t\t\t\t\t<\/div>\n\t\t<\/section>\n\t\t\t\t<section class=\"elementor-section elementor-top-section elementor-element elementor-element-7b33f78e elementor-section-boxed elementor-section-height-default elementor-section-height-default\" data-id=\"7b33f78e\" data-element_type=\"section\">\n\t\t\t\t\t\t<div class=\"elementor-container elementor-column-gap-no\">\n\t\t\t\t\t<div class=\"elementor-column elementor-col-100 elementor-top-column elementor-element elementor-element-b225933\" data-id=\"b225933\" data-element_type=\"column\">\n\t\t\t<div class=\"elementor-widget-wrap elementor-element-populated\">\n\t\t\t\t\t\t<div class=\"elementor-element elementor-element-205ee37e elementor-pagination-position-inside elementor-widget elementor-widget-image-carousel\" data-id=\"205ee37e\" data-element_type=\"widget\" data-settings=\"{&quot;slides_to_show&quot;:&quot;1&quot;,&quot;navigation&quot;:&quot;dots&quot;,&quot;autoplay&quot;:&quot;yes&quot;,&quot;pause_on_hover&quot;:&quot;yes&quot;,&quot;pause_on_interaction&quot;:&quot;yes&quot;,&quot;autoplay_speed&quot;:5000,&quot;infinite&quot;:&quot;yes&quot;,&quot;effect&quot;:&quot;slide&quot;,&quot;speed&quot;:500}\" data-widget_type=\"image-carousel.default\">\n\t\t\t\t<div class=\"elementor-widget-container\">\n\t\t\t\t\t<div class=\"elementor-image-carousel-wrapper swiper\" dir=\"ltr\">\n\t\t\t<div class=\"elementor-image-carousel swiper-wrapper\" aria-live=\"off\">\n\t\t\t\t\t\t\t\t<div class=\"swiper-slide\" role=\"group\" aria-roledescription=\"slide\" aria-label=\"1 of 3\"><figure class=\"swiper-slide-inner\"><img decoding=\"async\" class=\"swiper-slide-image\" src=\"https:\/\/mr-lider.com\/wp-content\/uploads\/elementor\/thumbs\/BEBA2-1-pct44cx3ks39kazhgqpfqtm9eqd2rcudh88yjma5ps.png\" alt=\"BEBA2\" \/><\/figure><\/div><div class=\"swiper-slide\" role=\"group\" aria-roledescription=\"slide\" aria-label=\"2 of 3\"><figure class=\"swiper-slide-inner\"><img decoding=\"async\" class=\"swiper-slide-image\" src=\"https:\/\/mr-lider.com\/wp-content\/uploads\/elementor\/thumbs\/3-pct43mlm9f38j81pqfbvt09crxysrtxw1lzd3vd6k0.png\" alt=\"3\" \/><\/figure><\/div><div class=\"swiper-slide\" role=\"group\" aria-roledescription=\"slide\" aria-label=\"3 of 3\"><figure class=\"swiper-slide-inner\"><img decoding=\"async\" class=\"swiper-slide-image\" src=\"https:\/\/mr-lider.com\/wp-content\/uploads\/elementor\/thumbs\/1._JPG_-pct433sugqdi30t0s77cf504w8jghvv9b0xnic520g.png\" alt=\"1._JPG_\" \/><\/figure><\/div>\t\t\t<\/div>\n\t\t\t\t\t\t\t\n\t\t\t\t\t\t\t\t\t<div class=\"swiper-pagination\"><\/div>\n\t\t\t\t\t\t\t\t\t<\/div>\n\t\t\t\t<\/div>\n\t\t\t\t<\/div>\n\t\t\t\t\t<\/div>\n\t\t<\/div>\n\t\t\t\t\t<\/div>\n\t\t<\/section>\n\t\t\t\t<section class=\"elementor-section elementor-top-section elementor-element elementor-element-61f08e74 elementor-section-boxed elementor-section-height-default elementor-section-height-default\" data-id=\"61f08e74\" data-element_type=\"section\">\n\t\t\t\t\t\t<div class=\"elementor-container elementor-column-gap-default\">\n\t\t\t\t\t<div class=\"elementor-column elementor-col-100 elementor-top-column elementor-element elementor-element-33a2dfc4\" data-id=\"33a2dfc4\" data-element_type=\"column\">\n\t\t\t<div class=\"elementor-widget-wrap elementor-element-populated\">\n\t\t\t\t\t\t<div class=\"elementor-element elementor-element-3d2f2900 elementor-widget-divider--view-line elementor-widget elementor-widget-divider\" data-id=\"3d2f2900\" data-element_type=\"widget\" data-widget_type=\"divider.default\">\n\t\t\t\t<div class=\"elementor-widget-container\">\n\t\t\t\t\t<div class=\"elementor-divider\">\n\t\t\t<span class=\"elementor-divider-separator\">\n\t\t\t\t\t\t<\/span>\n\t\t<\/div>\n\t\t\t\t<\/div>\n\t\t\t\t<\/div>\n\t\t\t\t<div class=\"elementor-element elementor-element-4008d417 elementor-widget elementor-widget-heading\" data-id=\"4008d417\" data-element_type=\"widget\" data-widget_type=\"heading.default\">\n\t\t\t\t<div class=\"elementor-widget-container\">\n\t\t\t<h4 class=\"elementor-heading-title elementor-size-default\">Ra\u0161irite rije\u010d<\/h4>\t\t<\/div>\n\t\t\t\t<\/div>\n\t\t\t\t<div class=\"elementor-element elementor-element-7c7a53ba elementor-shape-circle elementor-grid-0 e-grid-align-center elementor-widget elementor-widget-social-icons\" data-id=\"7c7a53ba\" data-element_type=\"widget\" data-widget_type=\"social-icons.default\">\n\t\t\t\t<div class=\"elementor-widget-container\">\n\t\t\t\t\t<div class=\"elementor-social-icons-wrapper elementor-grid\">\n\t\t\t\t\t\t\t<span class=\"elementor-grid-item\">\n\t\t\t\t\t<a class=\"elementor-icon elementor-social-icon elementor-social-icon-facebook elementor-repeater-item-3bftaoh\" href=\"https:\/\/www.facebook.com\/groups\/366439196730939\/about\/\" target=\"_blank\">\n\t\t\t\t\t\t<span class=\"elementor-screen-only\">Facebook<\/span>\n\t\t\t\t\t\t\t\t\t\t\t\t\t<i class=\"fa fa-facebook\"><\/i>\n\t\t\t\t\t\t\t\t\t\t\t<\/a>\n\t\t\t\t<\/span>\n\t\t\t\t\t<\/div>\n\t\t\t\t<\/div>\n\t\t\t\t<\/div>\n\t\t\t\t\t<\/div>\n\t\t<\/div>\n\t\t\t\t\t<\/div>\n\t\t<\/section>\n\t\t\t\t<\/div>\n\t\t","protected":false},"excerpt":{"rendered":"<p>O njima Autor: Mr-Lider ODGOJ &#8211; \u0160KOLOVANJE &#8211; TRENING Odabrati belgijskog ov\u010dara \u201cMalinoisa\u201d za Va\u0161eg ljubimca, pratitelja, terapijsko-rehabilitacijskog psa ili \u010duvara sigurno je pravi izbor. Ako ste ina\u010de malo sporiji u \u017evotu (bez uvrede, to nije ni\u0161ta lo\u0161e) oni \u0107e Vas pou\u010diti i natjerati da budete koncentriraniji, \u010dvr\u0161\u0107i, discipliniraniji, \u010dak i oni koji nemaju volju&#8230;<\/p>\n","protected":false},"author":1,"featured_media":0,"parent":0,"menu_order":0,"comment_status":"closed","ping_status":"closed","template":"","meta":{"footnotes":""},"_links":{"self":[{"href":"https:\/\/mr-lider.com\/index.php\/wp-json\/wp\/v2\/pages\/22"}],"collection":[{"href":"https:\/\/mr-lider.com\/index.php\/wp-json\/wp\/v2\/pages"}],"about":[{"href":"https:\/\/mr-lider.com\/index.php\/wp-json\/wp\/v2\/types\/page"}],"author":[{"embeddable":true,"href":"https:\/\/mr-lider.com\/index.php\/wp-json\/wp\/v2\/users\/1"}],"replies":[{"embeddable":true,"href":"https:\/\/mr-lider.com\/index.php\/wp-json\/wp\/v2\/comments?post=22"}],"version-history":[{"count":9,"href":"https:\/\/mr-lider.com\/index.php\/wp-json\/wp\/v2\/pages\/22\/revisions"}],"predecessor-version":[{"id":282,"href":"https:\/\/mr-lider.com\/index.php\/wp-json\/wp\/v2\/pages\/22\/revisions\/282"}],"wp:attachment":[{"href":"https:\/\/mr-lider.com\/index.php\/wp-json\/wp\/v2\/media?parent=22"}],"curies":[{"name":"wp","href":"https:\/\/api.w.org\/{rel}","templated":true}]}}